{"id":52,"date":"2026-02-12T19:09:28","date_gmt":"2026-02-12T19:09:28","guid":{"rendered":"https:\/\/comein.se\/?page_id=52"},"modified":"2026-02-12T19:35:10","modified_gmt":"2026-02-12T19:35:10","slug":"valkommen","status":"publish","type":"page","link":"https:\/\/comein.se\/","title":{"rendered":"V\u00e4lkommen"},"content":{"rendered":"<p>H\u00e4r kan du l\u00e4sa om str\u00f6mbrunnar, eller vindbrunnar som \u00e4r ett vanligt namn. Skillnaden \u00e4r att begrppet str\u00f6mbrunn innefattar mer \u00e4n vindbrunn, eftersom uppkomst av underfr\u00e4tning samt i de flesta fall d\u00e5 begreppet \u00f6ppnor anv\u00e4nds.<\/p>\n<p>STR\u00d6MBRUNNAR FYSIKALISKA OCH VETENSKAPLIGA FAKTA beskriver bakomliggande fakta. STR\u00d6MBRUNNAR (VINDBRUNNAR) beskriver \u00e4ven verkliga fall samt deras f\u00f6rklaring. Olyckorna vid Rid\u00f6 samt N\u00e4md\u00f6fj\u00e4rden unders\u00f6ks med hj\u00e4lp av de fysikaliska lagarna som ger upphov till str\u00f6mbrunnar.<\/p>\n<p>INFORMATION ABOUT BERGHEMSV\u00c4GEN 30 SWEDEN,  contains information for my Airbnb guests.<\/p>\n","protected":false},"excerpt":{"rendered":"<p>H\u00e4r kan du l\u00e4sa om str\u00f6mbrunnar, eller vindbrunnar som \u00e4r ett vanligt namn. Skillnaden \u00e4r att begrppet str\u00f6mbrunn innefattar mer \u00e4n vindbrunn, eftersom uppkomst av underfr\u00e4tning samt i de flesta fall d\u00e5 begreppet \u00f6ppnor anv\u00e4nds. STR\u00d6MBRUNNAR FYSIKALISKA OCH VETENSKAPLIGA FAKTA beskriver bakomliggande fakta. STR\u00d6MBRUNNAR (VINDBRUNNAR) beskriver \u00e4ven verkliga fall samt deras f\u00f6rklaring. Olyckorna vid Rid\u00f6 &#8230; <a title=\"V\u00e4lkommen\" class=\"read-more\" href=\"https:\/\/comein.se\/\" aria-label=\"Read more about V\u00e4lkommen\">Read more<\/a><\/p>\n","protected":false},"author":2,"featured_media":0,"parent":0,"menu_order":0,"comment_status":"closed","ping_status":"closed","template":"","meta":{"footnotes":""},"class_list":["post-52","page","type-page","status-publish"],"_links":{"self":[{"href":"https:\/\/comein.se\/index.php?rest_route=\/wp\/v2\/pages\/52","targetHints":{"allow":["GET"]}}],"collection":[{"href":"https:\/\/comein.se\/index.php?rest_route=\/wp\/v2\/pages"}],"about":[{"href":"https:\/\/comein.se\/index.php?rest_route=\/wp\/v2\/types\/page"}],"author":[{"embeddable":true,"href":"https:\/\/comein.se\/index.php?rest_route=\/wp\/v2\/users\/2"}],"replies":[{"embeddable":true,"href":"https:\/\/comein.se\/index.php?rest_route=%2Fwp%2Fv2%2Fcomments&post=52"}],"version-history":[{"count":5,"href":"https:\/\/comein.se\/index.php?rest_route=\/wp\/v2\/pages\/52\/revisions"}],"predecessor-version":[{"id":65,"href":"https:\/\/comein.se\/index.php?rest_route=\/wp\/v2\/pages\/52\/revisions\/65"}],"wp:attachment":[{"href":"https:\/\/comein.se\/index.php?rest_route=%2Fwp%2Fv2%2Fmedia&parent=52"}],"curies":[{"name":"wp","href":"https:\/\/api.w.org\/{rel}","templated":true}]}}