{"id":39,"date":"2026-02-11T16:07:14","date_gmt":"2026-02-11T16:07:14","guid":{"rendered":"https:\/\/comein.se\/?page_id=39"},"modified":"2026-02-12T18:02:28","modified_gmt":"2026-02-12T18:02:28","slug":"39-2","status":"publish","type":"page","link":"https:\/\/comein.se\/?page_id=39","title":{"rendered":"Str\u00f6mbrunnar fysikaliska och vetenskapliga fakta"},"content":{"rendered":"\n<pre class=\"wp-block-code\"><code>F\u00f6r att f\u00f6rst\u00e5 hur str\u00f6mbrunnar uppst\u00e5r samt varf\u00f6r vissa omr\u00e5de \u00e4r os\u00e4kra att \u00e5ka p\u00e5, vilket framf\u00f6r allt g\u00e4ller sk\u00e4rg\u00e5rds is, beh\u00f6ver man s\u00e4tta sig in i vissa grundl\u00e4ggande fysikaliska och vetenskapliga fakta.\n\nOavsett vad man har f\u00f6r \u00e5sikt om vindbrunnar, g\u00e5r det inte att bortse fr\u00e5n fysikaliska verkligheter. I detta sammanhang g\u00e4ller:\n\n\u2022\tVattens egenskaper, vid botten \u00e4r temperaturen + 3,98 \u00b0C, samt 0 \u00b0C vid ytan, vilket m\u00f6jligg\u00f6r att is bildas\n\u2022\tTermodynamikens nollte (0:te) huvudsats, som inneb\u00e4r att en vattenmassa str\u00e4var efter att uppn\u00e5 samma temperatur\n\u2022\tVatten med en temperatur i intervallet 0\u20133,98 \u00b0C flyter upp mot vattenytan\n\nAv pedagogiska sk\u00e4l har jag valt att anv\u00e4nda begreppet str\u00f6mbrunn, inte vindbrunn. P\u00e5 s\u00e5 vis ing\u00e5r \u00e4ven underfr\u00e4tning i samma begrepp, dvs. str\u00f6mbrunn. Det finns \u00e4ven exempel p\u00e5 att begreppet \u00f6ppnor anv\u00e4nds, d\u00e5 man inte vet s\u00e4kert vad de beror p\u00e5, men allt beror p\u00e5 str\u00f6mmande vatten.\n\nSMHI har svarat p\u00e5 fr\u00e5gan om vinden kan bl\u00e5sa p\u00e5 enbart en punkt, Skickat: den 10 maj 2017 09:24. \n\n<strong>N\u00e4r det g\u00e4ller lokala och kraftiga vindar \u00f6ver bara n\u00e5gra hundratal meter, kan s\u00e5dana f\u00f6rekomma i samband med tromber och kraftiga \u00e5skv\u00e4der. Det \u00e4r emellertid s\u00e4llsynta fenomen, i synnerhet under vinterhalv\u00e5ret.<\/strong>\n\nSlutsatsen av ovanst\u00e5ende \u00e4r att vinden inte \u00e4r orsaken till vindbrunnar.\n\nVattnets maximala densitet uppn\u00e5s vid 3,98 \u00b0C. Vatten blir mindre t\u00e4tt vid fryspunkten, och har d\u00e5 expanderat med 9 %. Det resulterar i ett ovanligt fenomen, n\u00e4mligen att vattnets fasta form, is, flyter ovanp\u00e5 vatten. Det inneb\u00e4r vidare att den \u201dmaximala densiteten\u201d, dvs. tyngden p\u00e5 en viss vattenvolym, blir st\u00f6rst vid 3,98 \u00b0C, varvid vattnet med denna temperatur sjunker till botten.\n\nVatten blir till is n\u00e4r temperaturen understiger 0 \u00b0C vid ett normalt tryck i atmosf\u00e4ren. N\u00e4r vatten omvandlas till is frig\u00f6rs v\u00e4rme, vilket g\u00f6r att temperaturen i en blandning av is och vatten alltid kommer att vara 0 \u00b0C, till dess att den best\u00e5r av enbart vatten eller enbart is. Vatten har en h\u00f6gre densitet i flytande form \u00e4n fryst, vilket \u00e4r en kemisk egenskap som \u00e4r mycket ovanlig. Det g\u00f6r att is bildas endast p\u00e5 ytan av vattenmassor.\n\nN\u00e4r isen har lagt sig forts\u00e4tter den att v\u00e4xa p\u00e5 undersidan d\u00e4r det \u00e4r 0 \u00b0C. Den v\u00e4rme som frig\u00f6rs vid isbildningen kan inte ledas ned\u00e5t i vattnet, d\u00e4r temperaturen \u00e4r h\u00f6gre, utan m\u00e5ste transporteras upp genom ist\u00e4cket till den kalla luften ovanf\u00f6r. En effekt av detta kan man studera n\u00e4r t.ex. ett lager av \u00e5kbar sn\u00f6 ligger p\u00e5 isen. Om det inte sn\u00f6ar under de n\u00e4rmaste dagarna man \u00e5ker, finner man att sn\u00f6t\u00e4cket minskar varje dag, sublimering eller i dagligt tal avdunstar.\n\nF\u00f6rklaring av hur str\u00f6mbrunnar uppst\u00e5r\n\nDet som \u00e4r sv\u00e5rt f\u00f6r \u201dgemene man\u201d att inse \u00e4r att den utl\u00f6sande faktorn \u00e4r lufttrycksf\u00f6r\u00e4ndringen, av sk\u00e4let att man sannolikt inte t\u00e4nker p\u00e5 det.\n\nDet som h\u00e4nder n\u00e4r lufttrycket \u00e4ndras \u00e4r att vattenytan h\u00f6js\/s\u00e4nks. Detta f\u00f6r med sig vattenstr\u00f6mmar. H\u00e4r skall noteras att det ej enbart \u00e4r vattenstr\u00f6mmar vid ytan utan \u00e4ven ner mot botten.\n\nF\u00f6r att ytterligare f\u00f6rst\u00e5 varf\u00f6r str\u00f6mbrunnar i f\u00f6rsta hand uppst\u00e5r p\u00e5 sk\u00e4rg\u00e5rds is \u00e4r att lufttrycksf\u00f6r\u00e4ndringen \u00e4r olika \u00f6ver de stora ytor som ber\u00f6r \u00d6stersj\u00f6n. Ytterligare en faktor som p\u00e5verkar vattenst\u00e5nds\u00e4ndringen \u00e4r t.ex. om nordliga eller sydliga kraftiga vindar bl\u00e5ser flera dagar i rad s\u00e5 f\u00f6rflyttas vattenmassor av vinden. F\u00f6r de som vistats i Finska viken \u00e4r denna effekt kraftigare \u00e4n vad vi f\u00e5r uppleva i Stockholms sk\u00e4rg\u00e5rd.\n\nEn lufttrycksf\u00f6r\u00e4ndring p\u00e5 en insj\u00f6 har inte n\u00e5gon betydelse, eftersom samma tryckf\u00f6r\u00e4ndring p\u00e5verkar hela sj\u00f6n.\n\nEffekten dvs. f\u00f6rekomsten av str\u00f6mbrunnar, p\u00e5verkas av storleken i lufttrycksf\u00f6r\u00e4ndringen. Detta kan inh\u00e4mtas fr\u00e5n:\n\nhttp:&#47;&#47;www.smhi.se\/hfa_coord\/BOOS\/Sealevel\/Stationplot\/Current_month\/Stockholm_SMHI.html\n\nHade botten varit helt sl\u00e4t, hade det inte funnits n\u00e5gra str\u00f6mbrunnar f\u00f6r d\u00e5 hade det varma vattnet, som flyter upp, varit j\u00e4mnt f\u00f6rdelat under isen.\n\nMen vid uppgrundningar f\u00f6rst\u00e4rks effekten. Jag kan visa p\u00e5 19 meters djupgrund. Det som h\u00e4nder vid djupgrunden \u00e4r att det 4 \u00b0C vattnet blandas upp med kallare. Vattnet blir d\u00e5 l\u00e4ttare och stiger mot ytan (enligt fysikens lagar), ovanf\u00f6r den punkt d\u00e4r djupgrundet finns. Av fysikaliska fakta vet vi att isen fryser vid 0 \u00b0C. Eftersom vattnet blandats med 4 \u00b0C vatten, f\u00e5r det uppstigande vattnet en temperatur i intervallet 0 \u2013 4. Str\u00f6mbrunnen fryser f\u00f6rst n\u00e4r det uppstigande vattnet upph\u00f6r eller \u00e5tminstone minskar i m\u00e4ngd, varvid temperaturen i brunnen blir 0\u00b0C. Den minskande m\u00e4ngden uppstigande vatten beror p\u00e5 att lufttrycks\u00e4ndringen minskat s\u00e5 att vattenstr\u00f6mmarna minskar.\n\n<\/code><\/pre>\n","protected":false},"excerpt":{"rendered":"","protected":false},"author":2,"featured_media":0,"parent":0,"menu_order":0,"comment_status":"closed","ping_status":"closed","template":"","meta":{"footnotes":""},"class_list":["post-39","page","type-page","status-publish"],"_links":{"self":[{"href":"https:\/\/comein.se\/index.php?rest_route=\/wp\/v2\/pages\/39","targetHints":{"allow":["GET"]}}],"collection":[{"href":"https:\/\/comein.se\/index.php?rest_route=\/wp\/v2\/pages"}],"about":[{"href":"https:\/\/comein.se\/index.php?rest_route=\/wp\/v2\/types\/page"}],"author":[{"embeddable":true,"href":"https:\/\/comein.se\/index.php?rest_route=\/wp\/v2\/users\/2"}],"replies":[{"embeddable":true,"href":"https:\/\/comein.se\/index.php?rest_route=%2Fwp%2Fv2%2Fcomments&post=39"}],"version-history":[{"count":6,"href":"https:\/\/comein.se\/index.php?rest_route=\/wp\/v2\/pages\/39\/revisions"}],"predecessor-version":[{"id":48,"href":"https:\/\/comein.se\/index.php?rest_route=\/wp\/v2\/pages\/39\/revisions\/48"}],"wp:attachment":[{"href":"https:\/\/comein.se\/index.php?rest_route=%2Fwp%2Fv2%2Fmedia&parent=39"}],"curies":[{"name":"wp","href":"https:\/\/api.w.org\/{rel}","templated":true}]}}